{"id":2163,"date":"2025-02-03T17:31:16","date_gmt":"2025-02-03T16:31:16","guid":{"rendered":"https:\/\/www.ezcharge.be\/faq\/"},"modified":"2025-06-24T17:33:35","modified_gmt":"2025-06-24T15:33:35","slug":"particulieren-faq","status":"publish","type":"page","link":"https:\/\/www.ezcharge.be\/nl\/particulieren-faq\/","title":{"rendered":"Particulieren &#8211; Faq"},"content":{"rendered":"\t\t<div data-elementor-type=\"wp-page\" data-elementor-id=\"2163\" class=\"elementor elementor-2163 elementor-21\" data-elementor-post-type=\"page\">\n\t\t\t\t<div class=\"elementor-element elementor-element-bca79be e-flex e-con-boxed e-con e-parent\" data-id=\"bca79be\" data-element_type=\"container\" data-settings=\"{&quot;background_background&quot;:&quot;classic&quot;}\">\n\t\t\t\t\t<div class=\"e-con-inner\">\n\t\t\t\t<div class=\"elementor-element elementor-element-cc08344 elementor-widget__width-initial elementor-widget elementor-widget-heading\" data-id=\"cc08344\" data-element_type=\"widget\" data-widget_type=\"heading.default\">\n\t\t\t\t\t<h1 class=\"elementor-heading-title elementor-size-default\">FAQ :<\/h1>\t\t\t\t<\/div>\n\t\t\t\t<div class=\"elementor-element elementor-element-07ac1a5 elementor-widget__width-initial elementor-widget elementor-widget-heading\" data-id=\"07ac1a5\" data-element_type=\"widget\" data-widget_type=\"heading.default\">\n\t\t\t\t\t<h2 class=\"elementor-heading-title elementor-size-default\">Veelgestelde vragen voor particulieren<\/h2>\t\t\t\t<\/div>\n\t\t\t\t\t<\/div>\n\t\t\t\t<\/div>\n\t\t<div class=\"elementor-element elementor-element-5433c77 e-flex e-con-boxed e-con e-parent\" data-id=\"5433c77\" data-element_type=\"container\">\n\t\t\t\t\t<div class=\"e-con-inner\">\n\t\t<div class=\"elementor-element elementor-element-530ae07 e-con-full e-flex e-con e-child\" data-id=\"530ae07\" data-element_type=\"container\">\n\t\t\t\t<div class=\"elementor-element elementor-element-d221648 e-n-tabs-mobile elementor-widget elementor-widget-n-tabs\" data-id=\"d221648\" data-element_type=\"widget\" data-settings=\"{&quot;tabs_justify_horizontal&quot;:&quot;start&quot;,&quot;horizontal_scroll&quot;:&quot;disable&quot;}\" data-widget_type=\"nested-tabs.default\">\n\t\t\t\t\t\t\t<div class=\"e-n-tabs\" data-widget-number=\"220337736\" aria-label=\"Tabs. Open items met enter of spatie, sluit af met escape en navigeer met de pijltoetsen.\">\n\t\t\t<div class=\"e-n-tabs-heading\" role=\"tablist\">\n\t\t\t\t\t<button id=\"e-n-tab-title-2203377361\" data-tab-title-id=\"e-n-tab-title-2203377361\" class=\"e-n-tab-title\" aria-selected=\"true\" data-tab-index=\"1\" role=\"tab\" tabindex=\"0\" aria-controls=\"e-n-tab-content-2203377361\" style=\"--n-tabs-title-order: 1;\">\n\t\t\t\t\t\t<span class=\"e-n-tab-title-text\">\n\t\t\t\tBornes publiques\t\t\t<\/span>\n\t\t<\/button>\n\t\t\t\t<button id=\"e-n-tab-title-2203377362\" data-tab-title-id=\"e-n-tab-title-2203377362\" class=\"e-n-tab-title\" aria-selected=\"false\" data-tab-index=\"2\" role=\"tab\" tabindex=\"-1\" aria-controls=\"e-n-tab-content-2203377362\" style=\"--n-tabs-title-order: 2;\">\n\t\t\t\t\t\t<span class=\"e-n-tab-title-text\">\n\t\t\t\tCartes\t\t\t<\/span>\n\t\t<\/button>\n\t\t\t\t\t<\/div>\n\t\t\t<div class=\"e-n-tabs-content\">\n\t\t\t\t<div id=\"e-n-tab-content-2203377361\" role=\"tabpanel\" aria-labelledby=\"e-n-tab-title-2203377361\" data-tab-index=\"1\" style=\"--n-tabs-title-order: 1;\" class=\"e-active elementor-element elementor-element-58eac14 e-con-full e-flex e-con e-child\" data-id=\"58eac14\" data-element_type=\"container\">\n\t\t\t\t<div class=\"elementor-element elementor-element-8f207cc elementor-widget elementor-widget-n-accordion\" data-id=\"8f207cc\" data-element_type=\"widget\" data-settings=\"{&quot;default_state&quot;:&quot;all_collapsed&quot;,&quot;max_items_expended&quot;:&quot;one&quot;,&quot;n_accordion_animation_duration&quot;:{&quot;unit&quot;:&quot;ms&quot;,&quot;size&quot;:400,&quot;sizes&quot;:[]}}\" data-widget_type=\"nested-accordion.default\">\n\t\t\t\t\t\t\t<div class=\"e-n-accordion\" aria-label=\"Accordion. Open links with Enter or Space, close with Escape, and navigate with Arrow Keys\">\n\t\t\t\t\t\t<details id=\"e-n-accordion-item-1500\" class=\"e-n-accordion-item\" >\n\t\t\t\t<summary class=\"e-n-accordion-item-title\" data-accordion-index=\"1\" tabindex=\"0\" aria-expanded=\"false\" aria-controls=\"e-n-accordion-item-1500\" >\n\t\t\t\t\t<span class='e-n-accordion-item-title-header'><div class=\"e-n-accordion-item-title-text\"> Wat zijn mijn verplichtingen als ik mijn laadpaal openstel voor buitenstaanders? <\/div><\/span>\n\t\t\t\t\t\t\t<span class='e-n-accordion-item-title-icon'>\n\t\t\t<span class='e-opened' ><svg aria-hidden=\"true\" class=\"e-font-icon-svg e-fas-minus\" viewBox=\"0 0 448 512\" xmlns=\"http:\/\/www.w3.org\/2000\/svg\"><path d=\"M416 208H32c-17.67 0-32 14.33-32 32v32c0 17.67 14.33 32 32 32h384c17.67 0 32-14.33 32-32v-32c0-17.67-14.33-32-32-32z\"><\/path><\/svg><\/span>\n\t\t\t<span class='e-closed'><svg aria-hidden=\"true\" class=\"e-font-icon-svg e-fas-plus\" viewBox=\"0 0 448 512\" xmlns=\"http:\/\/www.w3.org\/2000\/svg\"><path d=\"M416 208H272V64c0-17.67-14.33-32-32-32h-32c-17.67 0-32 14.33-32 32v144H32c-17.67 0-32 14.33-32 32v32c0 17.67 14.33 32 32 32h144v144c0 17.67 14.33 32 32 32h32c17.67 0 32-14.33 32-32V304h144c17.67 0 32-14.33 32-32v-32c0-17.67-14.33-32-32-32z\"><\/path><\/svg><\/span>\n\t\t<\/span>\n\n\t\t\t\t\t\t<\/summary>\n\t\t\t\t<div role=\"region\" aria-labelledby=\"e-n-accordion-item-1500\" class=\"elementor-element elementor-element-596d510 e-con-full e-flex e-con e-child\" data-id=\"596d510\" data-element_type=\"container\">\n\t\t\t\t<div class=\"elementor-element elementor-element-1f21de1 elementor-widget elementor-widget-text-editor\" data-id=\"1f21de1\" data-element_type=\"widget\" data-widget_type=\"text-editor.default\">\n\t\t\t\t\t\t\t\t\t<p>Voor \u201cPrivate Hospitality\u201d-abonnementen is de exploitant van een laadpaal wettelijk verplicht om verbruikers schriftelijk op een leesbare, zichtbare en ondubbelzinnige manier te informeren over de toegepaste tarieven. De toegepaste verbruikstarieven (kWh, sessie en per uur) blijven te allen tijde de verantwoordelijkheid van de exploitant van de laadpaal. De prijs die de verbruiker daadwerkelijk betaalt, zal vari\u00ebren afhankelijk van de kosten die EZCharge en\/of zijn eigen kaartaanbieder (MSP) in rekening brengen.<\/p>\t\t\t\t\t\t\t\t<\/div>\n\t\t\t\t<\/div>\n\t\t\t\t\t<\/details>\n\t\t\t\t\t\t<details id=\"e-n-accordion-item-1501\" class=\"e-n-accordion-item\" >\n\t\t\t\t<summary class=\"e-n-accordion-item-title\" data-accordion-index=\"2\" tabindex=\"-1\" aria-expanded=\"false\" aria-controls=\"e-n-accordion-item-1501\" >\n\t\t\t\t\t<span class='e-n-accordion-item-title-header'><div class=\"e-n-accordion-item-title-text\"> Hoe kan ik laadbeurten betalen\/terugbetalen die bij mijn laadpaal zijn gedaan?  <\/div><\/span>\n\t\t\t\t\t\t\t<span class='e-n-accordion-item-title-icon'>\n\t\t\t<span class='e-opened' ><svg aria-hidden=\"true\" class=\"e-font-icon-svg e-fas-minus\" viewBox=\"0 0 448 512\" xmlns=\"http:\/\/www.w3.org\/2000\/svg\"><path d=\"M416 208H32c-17.67 0-32 14.33-32 32v32c0 17.67 14.33 32 32 32h384c17.67 0 32-14.33 32-32v-32c0-17.67-14.33-32-32-32z\"><\/path><\/svg><\/span>\n\t\t\t<span class='e-closed'><svg aria-hidden=\"true\" class=\"e-font-icon-svg e-fas-plus\" viewBox=\"0 0 448 512\" xmlns=\"http:\/\/www.w3.org\/2000\/svg\"><path d=\"M416 208H272V64c0-17.67-14.33-32-32-32h-32c-17.67 0-32 14.33-32 32v144H32c-17.67 0-32 14.33-32 32v32c0 17.67 14.33 32 32 32h144v144c0 17.67 14.33 32 32 32h32c17.67 0 32-14.33 32-32V304h144c17.67 0 32-14.33 32-32v-32c0-17.67-14.33-32-32-32z\"><\/path><\/svg><\/span>\n\t\t<\/span>\n\n\t\t\t\t\t\t<\/summary>\n\t\t\t\t<div role=\"region\" aria-labelledby=\"e-n-accordion-item-1501\" class=\"elementor-element elementor-element-ac76151 e-con-full e-flex e-con e-child\" data-id=\"ac76151\" data-element_type=\"container\">\n\t\t\t\t<div class=\"elementor-element elementor-element-24f66e1 elementor-widget elementor-widget-text-editor\" data-id=\"24f66e1\" data-element_type=\"widget\" data-widget_type=\"text-editor.default\">\n\t\t\t\t\t\t\t\t\t<p>Maandelijks worden er afschriften en creditnota&#8217;s verstuurd. Betalingen en terugbetalingen worden binnen 30 dagen uitgevoerd, in overeenstemming met onze algemene verkoopvoorwaarden.<\/p>\t\t\t\t\t\t\t\t<\/div>\n\t\t\t\t<\/div>\n\t\t\t\t\t<\/details>\n\t\t\t\t\t<\/div>\n\t\t\t\t\t<script type=\"application\/ld+json\">{\"@context\":\"https:\\\/\\\/schema.org\",\"@type\":\"FAQPage\",\"mainEntity\":[{\"@type\":\"Question\",\"name\":\"Wat zijn mijn verplichtingen als ik mijn laadpaal openstel voor buitenstaanders?\",\"acceptedAnswer\":{\"@type\":\"Answer\",\"text\":\"Voor \\u201cPrivate Hospitality\\u201d-abonnementen is de exploitant van een laadpaal wettelijk verplicht om verbruikers schriftelijk op een leesbare, zichtbare en ondubbelzinnige manier te informeren over de toegepaste tarieven. De toegepaste verbruikstarieven (kWh, sessie en per uur) blijven te allen tijde de verantwoordelijkheid van de exploitant van de laadpaal. De prijs die de verbruiker daadwerkelijk betaalt, zal vari\\u00ebren afhankelijk van de kosten die EZCharge en\\\/of zijn eigen kaartaanbieder (MSP) in rekening brengen.\"}},{\"@type\":\"Question\",\"name\":\"Hoe kan ik laadbeurten betalen\\\/terugbetalen die bij mijn laadpaal zijn gedaan?\",\"acceptedAnswer\":{\"@type\":\"Answer\",\"text\":\"Maandelijks worden er afschriften en creditnota&#8217;s verstuurd. Betalingen en terugbetalingen worden binnen 30 dagen uitgevoerd, in overeenstemming met onze algemene verkoopvoorwaarden.\"}}]}<\/script>\n\t\t\t\t\t\t\t<\/div>\n\t\t\t\t<\/div>\n\t\t<div id=\"e-n-tab-content-2203377362\" role=\"tabpanel\" aria-labelledby=\"e-n-tab-title-2203377362\" data-tab-index=\"2\" style=\"--n-tabs-title-order: 2;\" class=\" elementor-element elementor-element-ad222d8 e-con-full e-flex e-con e-child\" data-id=\"ad222d8\" data-element_type=\"container\">\n\t\t<div class=\"elementor-element elementor-element-541ca22 e-flex e-con-boxed e-con e-child\" data-id=\"541ca22\" data-element_type=\"container\">\n\t\t\t\t\t<div class=\"e-con-inner\">\n\t\t\t\t<div class=\"elementor-element elementor-element-b991632 elementor-widget elementor-widget-n-accordion\" data-id=\"b991632\" data-element_type=\"widget\" data-settings=\"{&quot;default_state&quot;:&quot;all_collapsed&quot;,&quot;max_items_expended&quot;:&quot;one&quot;,&quot;n_accordion_animation_duration&quot;:{&quot;unit&quot;:&quot;ms&quot;,&quot;size&quot;:400,&quot;sizes&quot;:[]}}\" data-widget_type=\"nested-accordion.default\">\n\t\t\t\t\t\t\t<div class=\"e-n-accordion\" aria-label=\"Accordion. Open links with Enter or Space, close with Escape, and navigate with Arrow Keys\">\n\t\t\t\t\t\t<details id=\"e-n-accordion-item-1940\" class=\"e-n-accordion-item\" >\n\t\t\t\t<summary class=\"e-n-accordion-item-title\" data-accordion-index=\"1\" tabindex=\"0\" aria-expanded=\"false\" aria-controls=\"e-n-accordion-item-1940\" >\n\t\t\t\t\t<span class='e-n-accordion-item-title-header'><div class=\"e-n-accordion-item-title-text\"> Hoeveel ga ik betalen om mijn voertuig op te laden?  <\/div><\/span>\n\t\t\t\t\t\t\t<span class='e-n-accordion-item-title-icon'>\n\t\t\t<span class='e-opened' ><svg aria-hidden=\"true\" class=\"e-font-icon-svg e-fas-minus\" viewBox=\"0 0 448 512\" xmlns=\"http:\/\/www.w3.org\/2000\/svg\"><path d=\"M416 208H32c-17.67 0-32 14.33-32 32v32c0 17.67 14.33 32 32 32h384c17.67 0 32-14.33 32-32v-32c0-17.67-14.33-32-32-32z\"><\/path><\/svg><\/span>\n\t\t\t<span class='e-closed'><svg aria-hidden=\"true\" class=\"e-font-icon-svg e-fas-plus\" viewBox=\"0 0 448 512\" xmlns=\"http:\/\/www.w3.org\/2000\/svg\"><path d=\"M416 208H272V64c0-17.67-14.33-32-32-32h-32c-17.67 0-32 14.33-32 32v144H32c-17.67 0-32 14.33-32 32v32c0 17.67 14.33 32 32 32h144v144c0 17.67 14.33 32 32 32h32c17.67 0 32-14.33 32-32V304h144c17.67 0 32-14.33 32-32v-32c0-17.67-14.33-32-32-32z\"><\/path><\/svg><\/span>\n\t\t<\/span>\n\n\t\t\t\t\t\t<\/summary>\n\t\t\t\t<div role=\"region\" aria-labelledby=\"e-n-accordion-item-1940\" class=\"elementor-element elementor-element-bfc16c6 e-con-full e-flex e-con e-child\" data-id=\"bfc16c6\" data-element_type=\"container\">\n\t\t\t\t<div class=\"elementor-element elementor-element-e4d473b elementor-widget elementor-widget-text-editor\" data-id=\"e4d473b\" data-element_type=\"widget\" data-widget_type=\"text-editor.default\">\n\t\t\t\t\t\t\t\t\t<p>De prijs van een laadbeurt hangt af van verschillende factoren:<\/p><ul><li>De capaciteit van uw batterij<\/li><li>Het type laadpaal waarmee u verbinding gaat maken<\/li><li>De verschillende tarieven vastgelegd door de eigenaar van de laadpaal<\/li><li>De roamingkosten toegepast door de operatoren<\/li><\/ul><p>Met onze EZCharge-applicatie kunt u de prijs van een laadpaal bekijken alvorens u gaat opladen. U kunt dan de aantrekkelijkste laadpaal kiezen.<\/p><p>EZCharge rekent zo weinig mogelijk kosten aan. Daarom brengen wij alleen roamingkosten (10% per kWh) in rekening als u uw EZCharge-kaart gebruikt bij een laadpaal die door een andere operator wordt beheerd. Als EZCharge de laadpaal beheert waar u uw voertuig wilt opladen, betaalt u de prijs die door de eigenaar van de laadpaal is vastgelegd. EZCharge neemt in dit geval geen commissie.<\/p>\t\t\t\t\t\t\t\t<\/div>\n\t\t\t\t<\/div>\n\t\t\t\t\t<\/details>\n\t\t\t\t\t\t<details id=\"e-n-accordion-item-1941\" class=\"e-n-accordion-item\" >\n\t\t\t\t<summary class=\"e-n-accordion-item-title\" data-accordion-index=\"2\" tabindex=\"-1\" aria-expanded=\"false\" aria-controls=\"e-n-accordion-item-1941\" >\n\t\t\t\t\t<span class='e-n-accordion-item-title-header'><div class=\"e-n-accordion-item-title-text\"> Wat zijn roamingkosten?  <\/div><\/span>\n\t\t\t\t\t\t\t<span class='e-n-accordion-item-title-icon'>\n\t\t\t<span class='e-opened' ><svg aria-hidden=\"true\" class=\"e-font-icon-svg e-fas-minus\" viewBox=\"0 0 448 512\" xmlns=\"http:\/\/www.w3.org\/2000\/svg\"><path d=\"M416 208H32c-17.67 0-32 14.33-32 32v32c0 17.67 14.33 32 32 32h384c17.67 0 32-14.33 32-32v-32c0-17.67-14.33-32-32-32z\"><\/path><\/svg><\/span>\n\t\t\t<span class='e-closed'><svg aria-hidden=\"true\" class=\"e-font-icon-svg e-fas-plus\" viewBox=\"0 0 448 512\" xmlns=\"http:\/\/www.w3.org\/2000\/svg\"><path d=\"M416 208H272V64c0-17.67-14.33-32-32-32h-32c-17.67 0-32 14.33-32 32v144H32c-17.67 0-32 14.33-32 32v32c0 17.67 14.33 32 32 32h144v144c0 17.67 14.33 32 32 32h32c17.67 0 32-14.33 32-32V304h144c17.67 0 32-14.33 32-32v-32c0-17.67-14.33-32-32-32z\"><\/path><\/svg><\/span>\n\t\t<\/span>\n\n\t\t\t\t\t\t<\/summary>\n\t\t\t\t<div role=\"region\" aria-labelledby=\"e-n-accordion-item-1941\" class=\"elementor-element elementor-element-6d2847a e-con-full e-flex e-con e-child\" data-id=\"6d2847a\" data-element_type=\"container\">\n\t\t\t\t<div class=\"elementor-element elementor-element-696cf67 elementor-widget elementor-widget-text-editor\" data-id=\"696cf67\" data-element_type=\"widget\" data-widget_type=\"text-editor.default\">\n\t\t\t\t\t\t\t\t\t<p>Roamingkosten zijn kosten die erbij komen wanneer u van netwerk verandert (andere operator). Als u een EZCharge-kaart heeft en u oplaadt bij een laadpaal die niet rechtstreeks door ons beheerd wordt, worden er kosten aangerekend.<\/p><p>Onze roamingkosten bedragen 10% van de prijs per kWh voor de laadpaal. Houd er rekening mee dat de operator van de laadpaal ook roamingkosten in rekening kan brengen. Let hier dus altijd goed op!<\/p>\t\t\t\t\t\t\t\t<\/div>\n\t\t\t\t<\/div>\n\t\t\t\t\t<\/details>\n\t\t\t\t\t<\/div>\n\t\t\t\t\t<script type=\"application\/ld+json\">{\"@context\":\"https:\\\/\\\/schema.org\",\"@type\":\"FAQPage\",\"mainEntity\":[{\"@type\":\"Question\",\"name\":\"Hoeveel ga ik betalen om mijn voertuig op te laden?\",\"acceptedAnswer\":{\"@type\":\"Answer\",\"text\":\"De prijs van een laadbeurt hangt af van verschillende factoren:De capaciteit van uw batterijHet type laadpaal waarmee u verbinding gaat makenDe verschillende tarieven vastgelegd door de eigenaar van de laadpaalDe roamingkosten toegepast door de operatorenMet onze EZCharge-applicatie kunt u de prijs van een laadpaal bekijken alvorens u gaat opladen. U kunt dan de aantrekkelijkste laadpaal kiezen.EZCharge rekent zo weinig mogelijk kosten aan. Daarom brengen wij alleen roamingkosten (10% per kWh) in rekening als u uw EZCharge-kaart gebruikt bij een laadpaal die door een andere operator wordt beheerd. Als EZCharge de laadpaal beheert waar u uw voertuig wilt opladen, betaalt u de prijs die door de eigenaar van de laadpaal is vastgelegd. EZCharge neemt in dit geval geen commissie.\"}},{\"@type\":\"Question\",\"name\":\"Wat zijn roamingkosten?\",\"acceptedAnswer\":{\"@type\":\"Answer\",\"text\":\"Roamingkosten zijn kosten die erbij komen wanneer u van netwerk verandert (andere operator). Als u een EZCharge-kaart heeft en u oplaadt bij een laadpaal die niet rechtstreeks door ons beheerd wordt, worden er kosten aangerekend.Onze roamingkosten bedragen 10% van de prijs per kWh voor de laadpaal. Houd er rekening mee dat de operator van de laadpaal ook roamingkosten in rekening kan brengen. Let hier dus altijd goed op!\"}}]}<\/script>\n\t\t\t\t\t\t\t<\/div>\n\t\t\t\t\t<\/div>\n\t\t\t\t<\/div>\n\t\t\t\t<\/div>\n\t\t\t\t\t<\/div>\n\t\t<\/div>\n\t\t\t\t\t\t<\/div>\n\t\t\t\t<\/div>\n\t\t<div class=\"elementor-element elementor-element-e32a61a e-con-full e-flex e-con e-child\" data-id=\"e32a61a\" data-element_type=\"container\">\n\t\t<div class=\"elementor-element elementor-element-e2734b9 e-con-full e-flex e-con e-child\" data-id=\"e2734b9\" data-element_type=\"container\" data-settings=\"{&quot;sticky&quot;:&quot;top&quot;,&quot;sticky_on&quot;:[&quot;desktop&quot;],&quot;sticky_offset&quot;:20,&quot;sticky_parent&quot;:&quot;yes&quot;,&quot;sticky_effects_offset&quot;:0,&quot;sticky_anchor_link_offset&quot;:0}\">\n\t\t\t\t<div class=\"elementor-element elementor-element-d8e475c elementor-widget elementor-widget-heading\" data-id=\"d8e475c\" data-element_type=\"widget\" data-widget_type=\"heading.default\">\n\t\t\t\t\t<h3 class=\"elementor-heading-title elementor-size-default\">Heeft u extra hulp nodig?<\/h3>\t\t\t\t<\/div>\n\t\t\t\t<div class=\"elementor-element elementor-element-3ee8678 ux-logo-header elementor-widget elementor-widget-button\" data-id=\"3ee8678\" data-element_type=\"widget\" data-widget_type=\"button.default\">\n\t\t\t\t\t\t\t\t\t\t<a class=\"elementor-button elementor-button-link elementor-size-sm\" href=\"https:\/\/www.ezcharge.be\/nl\/contact\/\">\n\t\t\t\t\t\t<span class=\"elementor-button-content-wrapper\">\n\t\t\t\t\t\t<span class=\"elementor-button-icon\">\n\t\t\t\t<i aria-hidden=\"true\" class=\"icon icon-arrow-right1\"><\/i>\t\t\t<\/span>\n\t\t\t\t\t\t\t\t\t<span class=\"elementor-button-text\">EEN TICKET AANMAKEN<\/span>\n\t\t\t\t\t<\/span>\n\t\t\t\t\t<\/a>\n\t\t\t\t\t\t\t\t<\/div>\n\t\t\t\t<\/div>\n\t\t\t\t<\/div>\n\t\t\t\t\t<\/div>\n\t\t\t\t<\/div>\n\t\t\t\t<\/div>\n\t\t","protected":false},"excerpt":{"rendered":"<p>FAQ : Veelgestelde vragen voor particulieren Bornes publiques Cartes Wat zijn mijn verplichtingen als ik mijn laadpaal openstel voor buitenstaanders? Voor \u201cPrivate Hospitality\u201d-abonnementen is de exploitant van een laadpaal wettelijk verplicht om verbruikers schriftelijk op een leesbare, zichtbare en ondubbelzinnige manier te informeren over de toegepaste tarieven. De toegepaste verbruikstarieven (kWh, sessie en per uur) [&hellip;]<\/p>\n","protected":false},"author":1,"featured_media":0,"parent":0,"menu_order":0,"comment_status":"closed","ping_status":"closed","template":"","meta":{"footnotes":""},"class_list":["post-2163","page","type-page","status-publish","hentry"],"yoast_head":"<!-- This site is optimized with the Yoast SEO plugin v26.6 - https:\/\/yoast.com\/wordpress\/plugins\/seo\/ -->\n<title>FAQ EZ Charge | Questions Recharge<\/title>\n<meta name=\"description\" content=\"Toutes les r\u00e9ponses \u00e0 vos questions sur la recharge \u00e9lectrique EZ Charge. Installation, utilisation, tarifs : trouvez l&#039;info qu&#039;il vous faut !\" \/>\n<meta name=\"robots\" content=\"index, follow, max-snippet:-1, max-image-preview:large, max-video-preview:-1\" \/>\n<link rel=\"canonical\" href=\"https:\/\/www.ezcharge.be\/nl\/particulieren-faq\/\" \/>\n<meta property=\"og:locale\" content=\"nl_NL\" \/>\n<meta property=\"og:type\" content=\"article\" \/>\n<meta property=\"og:title\" content=\"FAQ EZ Charge | Questions Recharge\" \/>\n<meta property=\"og:description\" content=\"Toutes les r\u00e9ponses \u00e0 vos questions sur la recharge \u00e9lectrique EZ Charge. Installation, utilisation, tarifs : trouvez l&#039;info qu&#039;il vous faut !\" \/>\n<meta property=\"og:url\" content=\"https:\/\/www.ezcharge.be\/nl\/particulieren-faq\/\" \/>\n<meta property=\"og:site_name\" content=\"EZ Charge\" \/>\n<meta property=\"article:modified_time\" content=\"2025-06-24T15:33:35+00:00\" \/>\n<meta name=\"twitter:card\" content=\"summary_large_image\" \/>\n<meta name=\"twitter:label1\" content=\"Geschatte leestijd\" \/>\n\t<meta name=\"twitter:data1\" content=\"5 minuten\" \/>\n<script type=\"application\/ld+json\" class=\"yoast-schema-graph\">{\"@context\":\"https:\/\/schema.org\",\"@graph\":[{\"@type\":\"WebPage\",\"@id\":\"https:\/\/www.ezcharge.be\/nl\/particulieren-faq\/\",\"url\":\"https:\/\/www.ezcharge.be\/nl\/particulieren-faq\/\",\"name\":\"FAQ EZ Charge | Questions Recharge\",\"isPartOf\":{\"@id\":\"https:\/\/www.ezcharge.be\/nl\/#website\"},\"datePublished\":\"2025-02-03T16:31:16+00:00\",\"dateModified\":\"2025-06-24T15:33:35+00:00\",\"description\":\"Toutes les r\u00e9ponses \u00e0 vos questions sur la recharge \u00e9lectrique EZ Charge. Installation, utilisation, tarifs : trouvez l'info qu'il vous faut !\",\"breadcrumb\":{\"@id\":\"https:\/\/www.ezcharge.be\/nl\/particulieren-faq\/#breadcrumb\"},\"inLanguage\":\"nl-NL\",\"potentialAction\":[{\"@type\":\"ReadAction\",\"target\":[\"https:\/\/www.ezcharge.be\/nl\/particulieren-faq\/\"]}]},{\"@type\":\"BreadcrumbList\",\"@id\":\"https:\/\/www.ezcharge.be\/nl\/particulieren-faq\/#breadcrumb\",\"itemListElement\":[{\"@type\":\"ListItem\",\"position\":1,\"name\":\"Accueil\",\"item\":\"https:\/\/www.ezcharge.be\/nl\/\"},{\"@type\":\"ListItem\",\"position\":2,\"name\":\"Particulieren &#8211; Faq\"}]},{\"@type\":\"WebSite\",\"@id\":\"https:\/\/www.ezcharge.be\/nl\/#website\",\"url\":\"https:\/\/www.ezcharge.be\/nl\/\",\"name\":\"EZ Charge\",\"description\":\"Des solutions au service de la mobilit\u00e9 \u00e9lectrique\",\"publisher\":{\"@id\":\"https:\/\/www.ezcharge.be\/nl\/#organization\"},\"potentialAction\":[{\"@type\":\"SearchAction\",\"target\":{\"@type\":\"EntryPoint\",\"urlTemplate\":\"https:\/\/www.ezcharge.be\/nl\/?s={search_term_string}\"},\"query-input\":{\"@type\":\"PropertyValueSpecification\",\"valueRequired\":true,\"valueName\":\"search_term_string\"}}],\"inLanguage\":\"nl-NL\"},{\"@type\":\"Organization\",\"@id\":\"https:\/\/www.ezcharge.be\/nl\/#organization\",\"name\":\"EZ Charge\",\"url\":\"https:\/\/www.ezcharge.be\/nl\/\",\"logo\":{\"@type\":\"ImageObject\",\"inLanguage\":\"nl-NL\",\"@id\":\"https:\/\/www.ezcharge.be\/nl\/#\/schema\/logo\/image\/\",\"url\":\"https:\/\/www.ezcharge.be\/wp-content\/uploads\/2025\/02\/logo-EZ-charge.png\",\"contentUrl\":\"https:\/\/www.ezcharge.be\/wp-content\/uploads\/2025\/02\/logo-EZ-charge.png\",\"width\":600,\"height\":600,\"caption\":\"EZ Charge\"},\"image\":{\"@id\":\"https:\/\/www.ezcharge.be\/nl\/#\/schema\/logo\/image\/\"},\"sameAs\":[\"https:\/\/www.linkedin.com\/company\/ezcharge-belgium\/\"]}]}<\/script>\n<!-- \/ Yoast SEO plugin. -->","yoast_head_json":{"title":"FAQ EZ Charge | Questions Recharge","description":"Toutes les r\u00e9ponses \u00e0 vos questions sur la recharge \u00e9lectrique EZ Charge. Installation, utilisation, tarifs : trouvez l'info qu'il vous faut !","robots":{"index":"index","follow":"follow","max-snippet":"max-snippet:-1","max-image-preview":"max-image-preview:large","max-video-preview":"max-video-preview:-1"},"canonical":"https:\/\/www.ezcharge.be\/nl\/particulieren-faq\/","og_locale":"nl_NL","og_type":"article","og_title":"FAQ EZ Charge | Questions Recharge","og_description":"Toutes les r\u00e9ponses \u00e0 vos questions sur la recharge \u00e9lectrique EZ Charge. Installation, utilisation, tarifs : trouvez l'info qu'il vous faut !","og_url":"https:\/\/www.ezcharge.be\/nl\/particulieren-faq\/","og_site_name":"EZ Charge","article_modified_time":"2025-06-24T15:33:35+00:00","twitter_card":"summary_large_image","twitter_misc":{"Geschatte leestijd":"5 minuten"},"schema":{"@context":"https:\/\/schema.org","@graph":[{"@type":"WebPage","@id":"https:\/\/www.ezcharge.be\/nl\/particulieren-faq\/","url":"https:\/\/www.ezcharge.be\/nl\/particulieren-faq\/","name":"FAQ EZ Charge | Questions Recharge","isPartOf":{"@id":"https:\/\/www.ezcharge.be\/nl\/#website"},"datePublished":"2025-02-03T16:31:16+00:00","dateModified":"2025-06-24T15:33:35+00:00","description":"Toutes les r\u00e9ponses \u00e0 vos questions sur la recharge \u00e9lectrique EZ Charge. Installation, utilisation, tarifs : trouvez l'info qu'il vous faut !","breadcrumb":{"@id":"https:\/\/www.ezcharge.be\/nl\/particulieren-faq\/#breadcrumb"},"inLanguage":"nl-NL","potentialAction":[{"@type":"ReadAction","target":["https:\/\/www.ezcharge.be\/nl\/particulieren-faq\/"]}]},{"@type":"BreadcrumbList","@id":"https:\/\/www.ezcharge.be\/nl\/particulieren-faq\/#breadcrumb","itemListElement":[{"@type":"ListItem","position":1,"name":"Accueil","item":"https:\/\/www.ezcharge.be\/nl\/"},{"@type":"ListItem","position":2,"name":"Particulieren &#8211; Faq"}]},{"@type":"WebSite","@id":"https:\/\/www.ezcharge.be\/nl\/#website","url":"https:\/\/www.ezcharge.be\/nl\/","name":"EZ Charge","description":"Des solutions au service de la mobilit\u00e9 \u00e9lectrique","publisher":{"@id":"https:\/\/www.ezcharge.be\/nl\/#organization"},"potentialAction":[{"@type":"SearchAction","target":{"@type":"EntryPoint","urlTemplate":"https:\/\/www.ezcharge.be\/nl\/?s={search_term_string}"},"query-input":{"@type":"PropertyValueSpecification","valueRequired":true,"valueName":"search_term_string"}}],"inLanguage":"nl-NL"},{"@type":"Organization","@id":"https:\/\/www.ezcharge.be\/nl\/#organization","name":"EZ Charge","url":"https:\/\/www.ezcharge.be\/nl\/","logo":{"@type":"ImageObject","inLanguage":"nl-NL","@id":"https:\/\/www.ezcharge.be\/nl\/#\/schema\/logo\/image\/","url":"https:\/\/www.ezcharge.be\/wp-content\/uploads\/2025\/02\/logo-EZ-charge.png","contentUrl":"https:\/\/www.ezcharge.be\/wp-content\/uploads\/2025\/02\/logo-EZ-charge.png","width":600,"height":600,"caption":"EZ Charge"},"image":{"@id":"https:\/\/www.ezcharge.be\/nl\/#\/schema\/logo\/image\/"},"sameAs":["https:\/\/www.linkedin.com\/company\/ezcharge-belgium\/"]}]}},"_links":{"self":[{"href":"https:\/\/www.ezcharge.be\/nl\/wp-json\/wp\/v2\/pages\/2163","targetHints":{"allow":["GET"]}}],"collection":[{"href":"https:\/\/www.ezcharge.be\/nl\/wp-json\/wp\/v2\/pages"}],"about":[{"href":"https:\/\/www.ezcharge.be\/nl\/wp-json\/wp\/v2\/types\/page"}],"author":[{"embeddable":true,"href":"https:\/\/www.ezcharge.be\/nl\/wp-json\/wp\/v2\/users\/1"}],"replies":[{"embeddable":true,"href":"https:\/\/www.ezcharge.be\/nl\/wp-json\/wp\/v2\/comments?post=2163"}],"version-history":[{"count":0,"href":"https:\/\/www.ezcharge.be\/nl\/wp-json\/wp\/v2\/pages\/2163\/revisions"}],"wp:attachment":[{"href":"https:\/\/www.ezcharge.be\/nl\/wp-json\/wp\/v2\/media?parent=2163"}],"curies":[{"name":"wp","href":"https:\/\/api.w.org\/{rel}","templated":true}]}}