{"id":2161,"date":"2025-02-03T17:31:51","date_gmt":"2025-02-03T16:31:51","guid":{"rendered":"https:\/\/www.ezcharge.be\/contact\/"},"modified":"2025-07-17T10:13:02","modified_gmt":"2025-07-17T08:13:02","slug":"contact","status":"publish","type":"page","link":"https:\/\/www.ezcharge.be\/nl\/contact\/","title":{"rendered":"Contact"},"content":{"rendered":"\t\t<div data-elementor-type=\"wp-page\" data-elementor-id=\"2161\" class=\"elementor elementor-2161 elementor-27\" data-elementor-post-type=\"page\">\n\t\t\t\t<div class=\"elementor-element elementor-element-5d2eed4 e-flex e-con-boxed e-con e-parent\" data-id=\"5d2eed4\" data-element_type=\"container\" data-settings=\"{&quot;background_background&quot;:&quot;classic&quot;}\">\n\t\t\t\t\t<div class=\"e-con-inner\">\n\t\t\t\t<div class=\"elementor-element elementor-element-f738236 elementor-widget elementor-widget-heading\" data-id=\"f738236\" data-element_type=\"widget\" data-widget_type=\"heading.default\">\n\t\t\t\t\t<h1 class=\"elementor-heading-title elementor-size-default\">Contact<\/h1>\t\t\t\t<\/div>\n\t\t\t\t\t<\/div>\n\t\t\t\t<\/div>\n\t\t<div class=\"elementor-element elementor-element-427d8a9 e-flex e-con-boxed e-con e-parent\" data-id=\"427d8a9\" data-element_type=\"container\">\n\t\t\t\t\t<div class=\"e-con-inner\">\n\t\t<div class=\"elementor-element elementor-element-cd0c927 e-con-full e-flex e-con e-child\" data-id=\"cd0c927\" data-element_type=\"container\">\n\t\t\t\t<div class=\"elementor-element elementor-element-04b8f9f elementor-position-inline-start elementor-tablet-position-block-start elementor-mobile-position-inline-start elementor-view-default elementor-widget elementor-widget-icon-box\" data-id=\"04b8f9f\" data-element_type=\"widget\" data-widget_type=\"icon-box.default\">\n\t\t\t\t\t\t\t<div class=\"elementor-icon-box-wrapper\">\n\n\t\t\t\t\t\t<div class=\"elementor-icon-box-icon\">\n\t\t\t\t<a href=\"https:\/\/www.google.com\/maps\/dir\/50.671093,4.5514774\/Avenue+Pasteur+6,+1300+Wavre\/@50.6948807,4.545968,13z\/data=!3m1!4b1!4m9!4m8!1m1!4e1!1m5!1m1!1s0x47c3d7df4dfb7d6d:0x7c7afed10faf1e35!2m2!1d4.5905677!2d50.7289073?entry=ttu&#038;g_ep=EgoyMDI1MDIxMi4wIKXMDSoASAFQAw%3D%3D\" target=\"_blank\" rel=\"nofollow\" class=\"elementor-icon\" tabindex=\"-1\" aria-label=\"Locatie\">\n\t\t\t\t<i aria-hidden=\"true\" class=\"icon icon-02\"><\/i>\t\t\t\t<\/a>\n\t\t\t<\/div>\n\t\t\t\n\t\t\t\t\t\t<div class=\"elementor-icon-box-content\">\n\n\t\t\t\t\t\t\t\t\t<h3 class=\"elementor-icon-box-title\">\n\t\t\t\t\t\t<a href=\"https:\/\/www.google.com\/maps\/dir\/50.671093,4.5514774\/Avenue+Pasteur+6,+1300+Wavre\/@50.6948807,4.545968,13z\/data=!3m1!4b1!4m9!4m8!1m1!4e1!1m5!1m1!1s0x47c3d7df4dfb7d6d:0x7c7afed10faf1e35!2m2!1d4.5905677!2d50.7289073?entry=ttu&#038;g_ep=EgoyMDI1MDIxMi4wIKXMDSoASAFQAw%3D%3D\" target=\"_blank\" rel=\"nofollow\" >\n\t\t\t\t\t\t\tLocatie\t\t\t\t\t\t<\/a>\n\t\t\t\t\t<\/h3>\n\t\t\t\t\n\t\t\t\t\t\t\t\t\t<p class=\"elementor-icon-box-description\">\n\t\t\t\t\t\tAv. Franklin 5C, 1300 Wavre\t\t\t\t\t<\/p>\n\t\t\t\t\n\t\t\t<\/div>\n\t\t\t\n\t\t<\/div>\n\t\t\t\t\t\t<\/div>\n\t\t\t\t<\/div>\n\t\t<div class=\"elementor-element elementor-element-d6b69bc e-con-full e-flex e-con e-child\" data-id=\"d6b69bc\" data-element_type=\"container\">\n\t\t\t\t<div class=\"elementor-element elementor-element-63c4843 elementor-position-inline-start elementor-tablet-position-block-start elementor-mobile-position-inline-start elementor-view-default elementor-widget elementor-widget-icon-box\" data-id=\"63c4843\" data-element_type=\"widget\" data-widget_type=\"icon-box.default\">\n\t\t\t\t\t\t\t<div class=\"elementor-icon-box-wrapper\">\n\n\t\t\t\t\t\t<div class=\"elementor-icon-box-icon\">\n\t\t\t\t<a href=\"tel:+3210686312\" class=\"elementor-icon\" tabindex=\"-1\" aria-label=\"Telefoonnummer\">\n\t\t\t\t<i aria-hidden=\"true\" class=\"icon icon-01\"><\/i>\t\t\t\t<\/a>\n\t\t\t<\/div>\n\t\t\t\n\t\t\t\t\t\t<div class=\"elementor-icon-box-content\">\n\n\t\t\t\t\t\t\t\t\t<h3 class=\"elementor-icon-box-title\">\n\t\t\t\t\t\t<a href=\"tel:+3210686312\" >\n\t\t\t\t\t\t\tTelefoonnummer\t\t\t\t\t\t<\/a>\n\t\t\t\t\t<\/h3>\n\t\t\t\t\n\t\t\t\t\t\t\t\t\t<p class=\"elementor-icon-box-description\">\n\t\t\t\t\t\t+32 (0)2 318 50 20\t\t\t\t\t<\/p>\n\t\t\t\t\n\t\t\t<\/div>\n\t\t\t\n\t\t<\/div>\n\t\t\t\t\t\t<\/div>\n\t\t\t\t<\/div>\n\t\t<div class=\"elementor-element elementor-element-5a39095 e-con-full e-flex e-con e-child\" data-id=\"5a39095\" data-element_type=\"container\">\n\t\t\t\t<div class=\"elementor-element elementor-element-ca00eee elementor-position-inline-start elementor-tablet-position-block-start elementor-mobile-position-inline-start elementor-view-default elementor-widget elementor-widget-icon-box\" data-id=\"ca00eee\" data-element_type=\"widget\" data-widget_type=\"icon-box.default\">\n\t\t\t\t\t\t\t<div class=\"elementor-icon-box-wrapper\">\n\n\t\t\t\t\t\t<div class=\"elementor-icon-box-icon\">\n\t\t\t\t<a href=\"mailto:info@ezcharge.be\" class=\"elementor-icon\" tabindex=\"-1\" aria-label=\"E-mail\">\n\t\t\t\t<i aria-hidden=\"true\" class=\"icon icon-w-icon-envelope\"><\/i>\t\t\t\t<\/a>\n\t\t\t<\/div>\n\t\t\t\n\t\t\t\t\t\t<div class=\"elementor-icon-box-content\">\n\n\t\t\t\t\t\t\t\t\t<h3 class=\"elementor-icon-box-title\">\n\t\t\t\t\t\t<a href=\"mailto:info@ezcharge.be\" >\n\t\t\t\t\t\t\tE-mail\t\t\t\t\t\t<\/a>\n\t\t\t\t\t<\/h3>\n\t\t\t\t\n\t\t\t\t\t\t\t\t\t<p class=\"elementor-icon-box-description\">\n\t\t\t\t\t\tinfo@ezcharge.be\t\t\t\t\t<\/p>\n\t\t\t\t\n\t\t\t<\/div>\n\t\t\t\n\t\t<\/div>\n\t\t\t\t\t\t<\/div>\n\t\t\t\t<\/div>\n\t\t\t\t\t<\/div>\n\t\t\t\t<\/div>\n\t\t<div class=\"elementor-element elementor-element-3de6a1c e-con-full e-flex e-con e-parent\" data-id=\"3de6a1c\" data-element_type=\"container\">\n\t\t<div class=\"elementor-element elementor-element-346107f e-con-full e-flex e-con e-child\" data-id=\"346107f\" data-element_type=\"container\" data-settings=\"{&quot;background_background&quot;:&quot;classic&quot;}\">\n\t\t<div class=\"elementor-element elementor-element-6416a99 e-con-full e-flex e-con e-child\" data-id=\"6416a99\" data-element_type=\"container\">\n\t\t\t\t<div class=\"elementor-element elementor-element-0c16284 elementor-widget elementor-widget-heading\" data-id=\"0c16284\" data-element_type=\"widget\" data-widget_type=\"heading.default\">\n\t\t\t\t\t<h3 class=\"elementor-heading-title elementor-size-default\">Hulp nodig?<\/h3>\t\t\t\t<\/div>\n\t\t\t\t<div class=\"elementor-element elementor-element-742c8d6 elementor-widget elementor-widget-text-editor\" data-id=\"742c8d6\" data-element_type=\"widget\" data-widget_type=\"text-editor.default\">\n\t\t\t\t\t\t\t\t\t<p>Wij zijn er voor u!<\/p>\t\t\t\t\t\t\t\t<\/div>\n\t\t\t\t<div class=\"elementor-element elementor-element-920dba3 elementor-widget elementor-widget-text-editor\" data-id=\"920dba3\" data-element_type=\"widget\" data-widget_type=\"text-editor.default\">\n\t\t\t\t\t\t\t\t\t<p><em>Wij verontschuldigen ons voor het feit dat onze telefoonlijn niet altijd beschikbaar is. Voor een snelle en effici\u00ebnte verwerking raden wij u aan onze online formulieren te gebruiken. Dit stelt ons in staat om:<\/em><\/p><ul><li><em>Uw verzoek door te verwijzen naar de juiste dienst,<\/em><\/li><li><em>Noodsituaties voorrang te geven,<\/em><\/li><li><em>U sneller en nauwkeuriger antwoord te geven.<\/em><\/li><\/ul>\t\t\t\t\t\t\t\t<\/div>\n\t\t\t\t<div class=\"elementor-element elementor-element-8fee0b5 elementor-position-inline-start elementor-mobile-position-inline-start elementor-view-default elementor-widget elementor-widget-icon-box\" data-id=\"8fee0b5\" data-element_type=\"widget\" data-widget_type=\"icon-box.default\">\n\t\t\t\t\t\t\t<div class=\"elementor-icon-box-wrapper\">\n\n\t\t\t\t\t\t<div class=\"elementor-icon-box-icon\">\n\t\t\t\t<span  class=\"elementor-icon\">\n\t\t\t\t<svg aria-hidden=\"true\" class=\"e-font-icon-svg e-fas-exclamation-triangle\" viewBox=\"0 0 576 512\" xmlns=\"http:\/\/www.w3.org\/2000\/svg\"><path d=\"M569.517 440.013C587.975 472.007 564.806 512 527.94 512H48.054c-36.937 0-59.999-40.055-41.577-71.987L246.423 23.985c18.467-32.009 64.72-31.951 83.154 0l239.94 416.028zM288 354c-25.405 0-46 20.595-46 46s20.595 46 46 46 46-20.595 46-46-20.595-46-46-46zm-43.673-165.346l7.418 136c.347 6.364 5.609 11.346 11.982 11.346h48.546c6.373 0 11.635-4.982 11.982-11.346l7.418-136c.375-6.874-5.098-12.654-11.982-12.654h-63.383c-6.884 0-12.356 5.78-11.981 12.654z\"><\/path><\/svg>\t\t\t\t<\/span>\n\t\t\t<\/div>\n\t\t\t\n\t\t\t\t\t\t<div class=\"elementor-icon-box-content\">\n\n\t\t\t\t\n\t\t\t\t\t\t\t\t\t<p class=\"elementor-icon-box-description\">\n\t\t\t\t\t\tVergeet niet uw spamberichten te controleren: Onze antwoorden kunnen soms daar belanden.\t\t\t\t\t<\/p>\n\t\t\t\t\n\t\t\t<\/div>\n\t\t\t\n\t\t<\/div>\n\t\t\t\t\t\t<\/div>\n\t\t\t\t<\/div>\n\t\t\t\t<\/div>\n\t\t<div class=\"elementor-element elementor-element-99dff2b e-con-full e-flex e-con e-child\" data-id=\"99dff2b\" data-element_type=\"container\" data-settings=\"{&quot;background_background&quot;:&quot;classic&quot;}\">\n\t\t\t\t<div class=\"elementor-element elementor-element-9504c3b elementor-widget__width-initial e-transform elementor-widget elementor-widget-shortcode\" data-id=\"9504c3b\" data-element_type=\"widget\" data-settings=\"{&quot;_transform_translateX_effect&quot;:{&quot;unit&quot;:&quot;px&quot;,&quot;size&quot;:-80,&quot;sizes&quot;:[]},&quot;_transform_translateX_effect_tablet&quot;:{&quot;unit&quot;:&quot;px&quot;,&quot;size&quot;:0,&quot;sizes&quot;:[]},&quot;_transform_translateX_effect_mobile&quot;:{&quot;unit&quot;:&quot;px&quot;,&quot;size&quot;:&quot;&quot;,&quot;sizes&quot;:[]},&quot;_transform_translateY_effect&quot;:{&quot;unit&quot;:&quot;px&quot;,&quot;size&quot;:&quot;&quot;,&quot;sizes&quot;:[]},&quot;_transform_translateY_effect_tablet&quot;:{&quot;unit&quot;:&quot;px&quot;,&quot;size&quot;:&quot;&quot;,&quot;sizes&quot;:[]},&quot;_transform_translateY_effect_mobile&quot;:{&quot;unit&quot;:&quot;px&quot;,&quot;size&quot;:&quot;&quot;,&quot;sizes&quot;:[]}}\" data-widget_type=\"shortcode.default\">\n\t\t\t\t\t\t\t<div class=\"elementor-shortcode\">\n<div class=\"wpcf7 no-js\" id=\"wpcf7-f2374-o1\" lang=\"fr-FR\" dir=\"ltr\" data-wpcf7-id=\"2374\">\n<div class=\"screen-reader-response\"><p role=\"status\" aria-live=\"polite\" aria-atomic=\"true\"><\/p> <ul><\/ul><\/div>\n<form action=\"\/nl\/wp-json\/wp\/v2\/pages\/2161#wpcf7-f2374-o1\" method=\"post\" class=\"wpcf7-form init\" aria-label=\"Formulaire de contact\" novalidate=\"novalidate\" data-status=\"init\">\n<fieldset class=\"hidden-fields-container\"><input type=\"hidden\" name=\"_wpcf7\" value=\"2374\" \/><input type=\"hidden\" name=\"_wpcf7_version\" value=\"6.1.4\" \/><input type=\"hidden\" name=\"_wpcf7_locale\" value=\"fr_FR\" \/><input type=\"hidden\" name=\"_wpcf7_unit_tag\" value=\"wpcf7-f2374-o1\" \/><input type=\"hidden\" name=\"_wpcf7_container_post\" value=\"0\" \/><input type=\"hidden\" name=\"_wpcf7_posted_data_hash\" value=\"\" \/><input type=\"hidden\" name=\"_wpcf7_recaptcha_response\" value=\"\" \/>\n<\/fieldset>\n<div class=\"row\">\n\t<div class=\"col-md-6\">\n\t\t<p><span class=\"wpcf7-form-control-wrap\" data-name=\"nom\"><input size=\"40\" maxlength=\"400\" class=\"wpcf7-form-control wpcf7-text wpcf7-validates-as-required\" aria-required=\"true\" aria-invalid=\"false\" placeholder=\"Naam\" value=\"\" type=\"text\" name=\"nom\" \/><\/span>\n\t\t<\/p>\n\t<\/div>\n\t<div class=\"col-md-6\">\n\t\t<p><span class=\"wpcf7-form-control-wrap\" data-name=\"prenom\"><input size=\"40\" maxlength=\"400\" class=\"wpcf7-form-control wpcf7-text wpcf7-validates-as-required\" aria-required=\"true\" aria-invalid=\"false\" placeholder=\"Voornaam\" value=\"\" type=\"text\" name=\"prenom\" \/><\/span>\n\t\t<\/p>\n\t<\/div>\n\t<div class=\"col-md-6\">\n\t\t<p><span class=\"wpcf7-form-control-wrap\" data-name=\"email\"><input size=\"40\" maxlength=\"400\" class=\"wpcf7-form-control wpcf7-email wpcf7-validates-as-required wpcf7-text wpcf7-validates-as-email\" aria-required=\"true\" aria-invalid=\"false\" placeholder=\"E-mail\" value=\"\" type=\"email\" name=\"email\" \/><\/span>\n\t\t<\/p>\n\t<\/div>\n\t<div class=\"col-md-6\">\n\t\t<p><span class=\"wpcf7-form-control-wrap\" data-name=\"telephone\"><input size=\"40\" maxlength=\"400\" class=\"wpcf7-form-control wpcf7-text wpcf7-validates-as-required\" aria-required=\"true\" aria-invalid=\"false\" placeholder=\"Telefoonnummer\" value=\"\" type=\"text\" name=\"telephone\" \/><\/span>\n\t\t<\/p>\n\t<\/div>\n\t<div class=\"col-md-6\">\n\t\t<p><label>U bent<\/label><span class=\"wpcf7-form-control-wrap\" data-name=\"statut\"><select class=\"wpcf7-form-control wpcf7-select wpcf7-validates-as-required\" aria-required=\"true\" aria-invalid=\"false\" name=\"statut\"><option value=\"Particulier\">Particulier<\/option><option value=\"Bedrijf\">Bedrijf<\/option><\/select><\/span>\n\t\t<\/p>\n\t<\/div>\n\t<div class=\"col-md-6\">\n\t\t<p><label>Naam van de vennootschap<\/label><span class=\"wpcf7-form-control-wrap\" data-name=\"societe\"><input size=\"40\" maxlength=\"400\" class=\"wpcf7-form-control wpcf7-text\" aria-invalid=\"false\" value=\"\" type=\"text\" name=\"societe\" \/><\/span>\n\t\t<\/p>\n\t<\/div>\n\t<div class=\"col-md-6\">\n\t\t<p><label>Land<\/label><span class=\"wpcf7-form-control-wrap\" data-name=\"pays\"><select class=\"wpcf7-form-control wpcf7-select wpcf7-validates-as-required\" aria-required=\"true\" aria-invalid=\"false\" name=\"pays\"><option value=\"Oostenrijk\">Oostenrijk<\/option><option value=\"Belgi\u00eb\">Belgi\u00eb<\/option><option value=\"Bulgarije\">Bulgarije<\/option><option value=\"Kroati\u00eb\">Kroati\u00eb<\/option><option value=\"Cyprus\">Cyprus<\/option><option value=\"Tsjechi\u00eb\">Tsjechi\u00eb<\/option><option value=\"Denemarken\">Denemarken<\/option><option value=\"Estland\">Estland<\/option><option value=\"Finland\">Finland<\/option><option value=\"Frankrijk\">Frankrijk<\/option><option value=\"Duitsland\">Duitsland<\/option><option value=\"Griekenland\">Griekenland<\/option><option value=\"Hongarije\">Hongarije<\/option><option value=\"Ierland\">Ierland<\/option><option value=\"Itali\u00eb\">Itali\u00eb<\/option><option value=\"Letland\">Letland<\/option><option value=\"Litouwen\">Litouwen<\/option><option value=\"Luxemburg\">Luxemburg<\/option><option value=\"Malta\">Malta<\/option><option value=\"Nederland\">Nederland<\/option><option value=\"Polen\">Polen<\/option><option value=\"Portugal\">Portugal<\/option><option value=\"Roemeni\u00eb\">Roemeni\u00eb<\/option><option value=\"Slowakije\">Slowakije<\/option><option value=\"Sloveni\u00eb\">Sloveni\u00eb<\/option><option value=\"Spanje\">Spanje<\/option><option value=\"Zweden\">Zweden<\/option><\/select><\/span>\n\t\t<\/p>\n\t<\/div>\n\t<div class=\"col-md-6\">\n\t\t<p><label>Uw vraag gaat over<\/label><span class=\"wpcf7-form-control-wrap\" data-name=\"destinataire\"><select class=\"wpcf7-form-control wpcf7-select wpcf7-validates-as-required\" aria-required=\"true\" aria-invalid=\"false\" name=\"destinataire\"><option value=\"Offerte\">Offerte<\/option><option value=\"Technische ondersteuning\">Technische ondersteuning<\/option><option value=\"Facturatie\">Facturatie<\/option><option value=\"Iets anders\">Iets anders<\/option><\/select><\/span>\n\t\t<\/p>\n\t<\/div>\n\t<div class=\"col-md-12\">\n\t\t<p><span class=\"wpcf7-form-control-wrap\" data-name=\"message\"><textarea cols=\"40\" rows=\"10\" maxlength=\"2000\" class=\"wpcf7-form-control wpcf7-textarea wpcf7-validates-as-required\" aria-required=\"true\" aria-invalid=\"false\" placeholder=\"Uw bericht\" name=\"message\"><\/textarea><\/span>\n\t\t<\/p>\n\t<\/div>\n\t<p><span class=\"wpcf7-form-control-wrap\" data-name=\"acceptance-23\"><span class=\"wpcf7-form-control wpcf7-acceptance\"><span class=\"wpcf7-list-item\"><label><input type=\"checkbox\" name=\"acceptance-23\" value=\"1\" aria-invalid=\"false\" \/><span class=\"wpcf7-list-item-label\">Uw gegevens worden niet gebruikt voor commerci\u00eble doeleinden en worden alleen aangewend om uw vraag te verwerken.<\/span><\/label><\/span><\/span><\/span>\n\t<\/p>\n\t<div class=\"col-md-12\">\n\t\t<p><input class=\"wpcf7-form-control wpcf7-submit has-spinner\" type=\"submit\" value=\"Mijn vraag versturen\" \/>\n\t\t<\/p>\n\t<\/div>\n<\/div><div class=\"wpcf7-response-output\" aria-hidden=\"true\"><\/div>\n<\/form>\n<\/div>\n<\/div>\n\t\t\t\t\t\t<\/div>\n\t\t\t\t<\/div>\n\t\t\t\t<\/div>\n\t\t<div class=\"elementor-element elementor-element-c4c0733 e-con-full e-flex e-con e-parent\" data-id=\"c4c0733\" data-element_type=\"container\">\n\t\t\t\t<div class=\"elementor-element elementor-element-c3fd204 elementor-widget elementor-widget-google_maps\" data-id=\"c3fd204\" data-element_type=\"widget\" data-widget_type=\"google_maps.default\">\n\t\t\t\t\t\t\t<div class=\"elementor-custom-embed\">\n\t\t\t<iframe loading=\"lazy\"\n\t\t\t\t\tsrc=\"https:\/\/maps.google.com\/maps?q=Avenue%20Fleming%204%2C%201300%20Wavre&#038;t=m&#038;z=10&#038;output=embed&#038;iwloc=near\"\n\t\t\t\t\ttitle=\"Avenue Fleming 4, 1300 Wavre\"\n\t\t\t\t\taria-label=\"Avenue Fleming 4, 1300 Wavre\"\n\t\t\t><\/iframe>\n\t\t<\/div>\n\t\t\t\t\t\t<\/div>\n\t\t\t\t<\/div>\n\t\t\t\t<\/div>\n\t\t","protected":false},"excerpt":{"rendered":"<p>Contact Locatie Av. Franklin 5C, 1300 Wavre Telefoonnummer +32 (0)2 318 50 20 E-mail info@ezcharge.be Hulp nodig? Wij zijn er voor u! Wij verontschuldigen ons voor het feit dat onze telefoonlijn niet altijd beschikbaar is. Voor een snelle en effici\u00ebnte verwerking raden wij u aan onze online formulieren te gebruiken. Dit stelt ons in staat [&hellip;]<\/p>\n","protected":false},"author":1,"featured_media":0,"parent":0,"menu_order":0,"comment_status":"closed","ping_status":"closed","template":"","meta":{"footnotes":""},"class_list":["post-2161","page","type-page","status-publish","hentry"],"yoast_head":"<!-- This site is optimized with the Yoast SEO plugin v26.6 - https:\/\/yoast.com\/wordpress\/plugins\/seo\/ -->\n<title>Contact EZ Charge | Gestion de Bornes Recharge Belgique<\/title>\n<meta name=\"description\" content=\"Contactez EZ Charge pour vos projets de recharge \u00e9lectrique. Devis gratuit, conseils personnalis\u00e9s, support technique. Nos experts vous r\u00e9pondent !\" \/>\n<meta name=\"robots\" content=\"index, follow, max-snippet:-1, max-image-preview:large, max-video-preview:-1\" \/>\n<link rel=\"canonical\" href=\"https:\/\/www.ezcharge.be\/nl\/contact\/\" \/>\n<meta property=\"og:locale\" content=\"nl_NL\" \/>\n<meta property=\"og:type\" content=\"article\" \/>\n<meta property=\"og:title\" content=\"Contact EZ Charge | Gestion de Bornes Recharge Belgique\" \/>\n<meta property=\"og:description\" content=\"Contactez EZ Charge pour vos projets de recharge \u00e9lectrique. Devis gratuit, conseils personnalis\u00e9s, support technique. Nos experts vous r\u00e9pondent !\" \/>\n<meta property=\"og:url\" content=\"https:\/\/www.ezcharge.be\/nl\/contact\/\" \/>\n<meta property=\"og:site_name\" content=\"EZ Charge\" \/>\n<meta property=\"article:modified_time\" content=\"2025-07-17T08:13:02+00:00\" \/>\n<meta name=\"twitter:card\" content=\"summary_large_image\" \/>\n<meta name=\"twitter:label1\" content=\"Geschatte leestijd\" \/>\n\t<meta name=\"twitter:data1\" content=\"1 minuut\" \/>\n<script type=\"application\/ld+json\" class=\"yoast-schema-graph\">{\"@context\":\"https:\/\/schema.org\",\"@graph\":[{\"@type\":\"WebPage\",\"@id\":\"https:\/\/www.ezcharge.be\/nl\/contact\/\",\"url\":\"https:\/\/www.ezcharge.be\/nl\/contact\/\",\"name\":\"Contact EZ Charge | Gestion de Bornes Recharge Belgique\",\"isPartOf\":{\"@id\":\"https:\/\/www.ezcharge.be\/nl\/#website\"},\"datePublished\":\"2025-02-03T16:31:51+00:00\",\"dateModified\":\"2025-07-17T08:13:02+00:00\",\"description\":\"Contactez EZ Charge pour vos projets de recharge \u00e9lectrique. Devis gratuit, conseils personnalis\u00e9s, support technique. Nos experts vous r\u00e9pondent !\",\"breadcrumb\":{\"@id\":\"https:\/\/www.ezcharge.be\/nl\/contact\/#breadcrumb\"},\"inLanguage\":\"nl-NL\",\"potentialAction\":[{\"@type\":\"ReadAction\",\"target\":[\"https:\/\/www.ezcharge.be\/nl\/contact\/\"]}]},{\"@type\":\"BreadcrumbList\",\"@id\":\"https:\/\/www.ezcharge.be\/nl\/contact\/#breadcrumb\",\"itemListElement\":[{\"@type\":\"ListItem\",\"position\":1,\"name\":\"Accueil\",\"item\":\"https:\/\/www.ezcharge.be\/nl\/\"},{\"@type\":\"ListItem\",\"position\":2,\"name\":\"Contact\"}]},{\"@type\":\"WebSite\",\"@id\":\"https:\/\/www.ezcharge.be\/nl\/#website\",\"url\":\"https:\/\/www.ezcharge.be\/nl\/\",\"name\":\"EZ Charge\",\"description\":\"Des solutions au service de la mobilit\u00e9 \u00e9lectrique\",\"publisher\":{\"@id\":\"https:\/\/www.ezcharge.be\/nl\/#organization\"},\"potentialAction\":[{\"@type\":\"SearchAction\",\"target\":{\"@type\":\"EntryPoint\",\"urlTemplate\":\"https:\/\/www.ezcharge.be\/nl\/?s={search_term_string}\"},\"query-input\":{\"@type\":\"PropertyValueSpecification\",\"valueRequired\":true,\"valueName\":\"search_term_string\"}}],\"inLanguage\":\"nl-NL\"},{\"@type\":\"Organization\",\"@id\":\"https:\/\/www.ezcharge.be\/nl\/#organization\",\"name\":\"EZ Charge\",\"url\":\"https:\/\/www.ezcharge.be\/nl\/\",\"logo\":{\"@type\":\"ImageObject\",\"inLanguage\":\"nl-NL\",\"@id\":\"https:\/\/www.ezcharge.be\/nl\/#\/schema\/logo\/image\/\",\"url\":\"https:\/\/www.ezcharge.be\/wp-content\/uploads\/2025\/02\/logo-EZ-charge.png\",\"contentUrl\":\"https:\/\/www.ezcharge.be\/wp-content\/uploads\/2025\/02\/logo-EZ-charge.png\",\"width\":600,\"height\":600,\"caption\":\"EZ Charge\"},\"image\":{\"@id\":\"https:\/\/www.ezcharge.be\/nl\/#\/schema\/logo\/image\/\"},\"sameAs\":[\"https:\/\/www.linkedin.com\/company\/ezcharge-belgium\/\"]}]}<\/script>\n<!-- \/ Yoast SEO plugin. -->","yoast_head_json":{"title":"Contact EZ Charge | Gestion de Bornes Recharge Belgique","description":"Contactez EZ Charge pour vos projets de recharge \u00e9lectrique. Devis gratuit, conseils personnalis\u00e9s, support technique. Nos experts vous r\u00e9pondent !","robots":{"index":"index","follow":"follow","max-snippet":"max-snippet:-1","max-image-preview":"max-image-preview:large","max-video-preview":"max-video-preview:-1"},"canonical":"https:\/\/www.ezcharge.be\/nl\/contact\/","og_locale":"nl_NL","og_type":"article","og_title":"Contact EZ Charge | Gestion de Bornes Recharge Belgique","og_description":"Contactez EZ Charge pour vos projets de recharge \u00e9lectrique. Devis gratuit, conseils personnalis\u00e9s, support technique. Nos experts vous r\u00e9pondent !","og_url":"https:\/\/www.ezcharge.be\/nl\/contact\/","og_site_name":"EZ Charge","article_modified_time":"2025-07-17T08:13:02+00:00","twitter_card":"summary_large_image","twitter_misc":{"Geschatte leestijd":"1 minuut"},"schema":{"@context":"https:\/\/schema.org","@graph":[{"@type":"WebPage","@id":"https:\/\/www.ezcharge.be\/nl\/contact\/","url":"https:\/\/www.ezcharge.be\/nl\/contact\/","name":"Contact EZ Charge | Gestion de Bornes Recharge Belgique","isPartOf":{"@id":"https:\/\/www.ezcharge.be\/nl\/#website"},"datePublished":"2025-02-03T16:31:51+00:00","dateModified":"2025-07-17T08:13:02+00:00","description":"Contactez EZ Charge pour vos projets de recharge \u00e9lectrique. Devis gratuit, conseils personnalis\u00e9s, support technique. Nos experts vous r\u00e9pondent !","breadcrumb":{"@id":"https:\/\/www.ezcharge.be\/nl\/contact\/#breadcrumb"},"inLanguage":"nl-NL","potentialAction":[{"@type":"ReadAction","target":["https:\/\/www.ezcharge.be\/nl\/contact\/"]}]},{"@type":"BreadcrumbList","@id":"https:\/\/www.ezcharge.be\/nl\/contact\/#breadcrumb","itemListElement":[{"@type":"ListItem","position":1,"name":"Accueil","item":"https:\/\/www.ezcharge.be\/nl\/"},{"@type":"ListItem","position":2,"name":"Contact"}]},{"@type":"WebSite","@id":"https:\/\/www.ezcharge.be\/nl\/#website","url":"https:\/\/www.ezcharge.be\/nl\/","name":"EZ Charge","description":"Des solutions au service de la mobilit\u00e9 \u00e9lectrique","publisher":{"@id":"https:\/\/www.ezcharge.be\/nl\/#organization"},"potentialAction":[{"@type":"SearchAction","target":{"@type":"EntryPoint","urlTemplate":"https:\/\/www.ezcharge.be\/nl\/?s={search_term_string}"},"query-input":{"@type":"PropertyValueSpecification","valueRequired":true,"valueName":"search_term_string"}}],"inLanguage":"nl-NL"},{"@type":"Organization","@id":"https:\/\/www.ezcharge.be\/nl\/#organization","name":"EZ Charge","url":"https:\/\/www.ezcharge.be\/nl\/","logo":{"@type":"ImageObject","inLanguage":"nl-NL","@id":"https:\/\/www.ezcharge.be\/nl\/#\/schema\/logo\/image\/","url":"https:\/\/www.ezcharge.be\/wp-content\/uploads\/2025\/02\/logo-EZ-charge.png","contentUrl":"https:\/\/www.ezcharge.be\/wp-content\/uploads\/2025\/02\/logo-EZ-charge.png","width":600,"height":600,"caption":"EZ Charge"},"image":{"@id":"https:\/\/www.ezcharge.be\/nl\/#\/schema\/logo\/image\/"},"sameAs":["https:\/\/www.linkedin.com\/company\/ezcharge-belgium\/"]}]}},"_links":{"self":[{"href":"https:\/\/www.ezcharge.be\/nl\/wp-json\/wp\/v2\/pages\/2161","targetHints":{"allow":["GET"]}}],"collection":[{"href":"https:\/\/www.ezcharge.be\/nl\/wp-json\/wp\/v2\/pages"}],"about":[{"href":"https:\/\/www.ezcharge.be\/nl\/wp-json\/wp\/v2\/types\/page"}],"author":[{"embeddable":true,"href":"https:\/\/www.ezcharge.be\/nl\/wp-json\/wp\/v2\/users\/1"}],"replies":[{"embeddable":true,"href":"https:\/\/www.ezcharge.be\/nl\/wp-json\/wp\/v2\/comments?post=2161"}],"version-history":[{"count":0,"href":"https:\/\/www.ezcharge.be\/nl\/wp-json\/wp\/v2\/pages\/2161\/revisions"}],"wp:attachment":[{"href":"https:\/\/www.ezcharge.be\/nl\/wp-json\/wp\/v2\/media?parent=2161"}],"curies":[{"name":"wp","href":"https:\/\/api.w.org\/{rel}","templated":true}]}}